{"id":379,"date":"2024-02-26T22:24:37","date_gmt":"2024-02-26T21:24:37","guid":{"rendered":"https:\/\/hp.weingut-reckendorfer.at\/?page_id=379"},"modified":"2025-03-09T13:57:10","modified_gmt":"2025-03-09T12:57:10","slug":"familie","status":"publish","type":"page","link":"https:\/\/weingut-reckendorfer.at\/wp\/en\/familie\/","title":{"rendered":"Family"},"content":{"rendered":"<div data-elementor-type=\"wp-page\" data-elementor-id=\"379\" class=\"elementor elementor-379\" data-elementor-post-type=\"page\">\n\t\t\t\t<div class=\"elementor-element elementor-element-e670f2b e-con-full e-flex e-con e-parent\" data-id=\"e670f2b\" data-element_type=\"container\" data-settings=\"{&quot;background_background&quot;:&quot;classic&quot;}\">\n\t\t\t\t<div class=\"elementor-element elementor-element-a8e3b8c e-transform elementor-widget elementor-widget-image\" data-id=\"a8e3b8c\" data-element_type=\"widget\" data-settings=\"{&quot;_transform_translateX_effect&quot;:{&quot;unit&quot;:&quot;px&quot;,&quot;size&quot;:&quot;&quot;,&quot;sizes&quot;:[]},&quot;_transform_translateX_effect_tablet&quot;:{&quot;unit&quot;:&quot;px&quot;,&quot;size&quot;:&quot;&quot;,&quot;sizes&quot;:[]},&quot;_transform_translateX_effect_mobile&quot;:{&quot;unit&quot;:&quot;px&quot;,&quot;size&quot;:&quot;&quot;,&quot;sizes&quot;:[]},&quot;_transform_translateY_effect&quot;:{&quot;unit&quot;:&quot;px&quot;,&quot;size&quot;:&quot;&quot;,&quot;sizes&quot;:[]},&quot;_transform_translateY_effect_tablet&quot;:{&quot;unit&quot;:&quot;px&quot;,&quot;size&quot;:&quot;&quot;,&quot;sizes&quot;:[]},&quot;_transform_translateY_effect_mobile&quot;:{&quot;unit&quot;:&quot;px&quot;,&quot;size&quot;:&quot;&quot;,&quot;sizes&quot;:[]}}\" data-widget_type=\"image.default\">\n\t\t\t\t<div class=\"elementor-widget-container\">\n\t\t\t\t\t\t\t\t\t\t\t\t\t\t\t<img fetchpriority=\"high\" decoding=\"async\" width=\"1440\" height=\"830\" src=\"https:\/\/weingut-reckendorfer.at\/wp\/wp-content\/uploads\/2024\/10\/familie_header.jpg\" class=\"attachment-full size-full wp-image-1233\" alt=\"\" srcset=\"https:\/\/weingut-reckendorfer.at\/wp\/wp-content\/uploads\/2024\/10\/familie_header.jpg 1440w, https:\/\/weingut-reckendorfer.at\/wp\/wp-content\/uploads\/2024\/10\/familie_header-300x173.jpg 300w, https:\/\/weingut-reckendorfer.at\/wp\/wp-content\/uploads\/2024\/10\/familie_header-1024x590.jpg 1024w, https:\/\/weingut-reckendorfer.at\/wp\/wp-content\/uploads\/2024\/10\/familie_header-768x443.jpg 768w, https:\/\/weingut-reckendorfer.at\/wp\/wp-content\/uploads\/2024\/10\/familie_header-18x10.jpg 18w\" sizes=\"(max-width: 1440px) 100vw, 1440px\" \/>\t\t\t\t\t\t\t\t\t\t\t\t\t\t\t<\/div>\n\t\t\t\t<\/div>\n\t\t\t\t<\/div>\n\t\t<div class=\"elementor-element elementor-element-36ac75a e-flex e-con-boxed e-con e-parent\" data-id=\"36ac75a\" data-element_type=\"container\" data-settings=\"{&quot;background_background&quot;:&quot;classic&quot;}\">\n\t\t\t\t\t<div class=\"e-con-inner\">\n\t\t\t\t<div class=\"elementor-element elementor-element-ae4dd12 elementor-widget elementor-widget-heading\" data-id=\"ae4dd12\" data-element_type=\"widget\" data-widget_type=\"heading.default\">\n\t\t\t\t<div class=\"elementor-widget-container\">\n\t\t\t\t\t<h2 class=\"elementor-heading-title elementor-size-default\">FAMILY<br>The Reck Pack!<\/h2>\t\t\t\t<\/div>\n\t\t\t\t<\/div>\n\t\t\t\t<div class=\"elementor-element elementor-element-899eb15 elementor-widget elementor-widget-text-editor\" data-id=\"899eb15\" data-element_type=\"widget\" data-widget_type=\"text-editor.default\">\n\t\t\t\t<div class=\"elementor-widget-container\">\n\t\t\t\t\t\t\t\t\t<p>My parents, Georg and me. Without my family and their support, I wouldn't be able to walk my path with such enthusiasm. I always like to toast to that with them. It goes without saying that we make a lot of music together. After all, we make WINES WITH SOUND!<\/p>\t\t\t\t\t\t\t\t<\/div>\n\t\t\t\t<\/div>\n\t\t\t\t\t<\/div>\n\t\t\t\t<\/div>\n\t\t<div class=\"elementor-element elementor-element-091db4a e-flex e-con-boxed e-con e-parent\" data-id=\"091db4a\" data-element_type=\"container\" data-settings=\"{&quot;background_background&quot;:&quot;classic&quot;}\">\n\t\t\t\t\t<div class=\"e-con-inner\">\n\t\t<div class=\"elementor-element elementor-element-a59768d e-con-full e-flex e-con e-child\" data-id=\"a59768d\" data-element_type=\"container\">\n\t\t\t\t<div class=\"elementor-element elementor-element-1bbbc14 elementor-widget elementor-widget-image\" data-id=\"1bbbc14\" data-element_type=\"widget\" data-widget_type=\"image.default\">\n\t\t\t\t<div class=\"elementor-widget-container\">\n\t\t\t\t\t\t\t\t\t\t\t\t\t\t\t<img decoding=\"async\" width=\"790\" height=\"1024\" src=\"https:\/\/weingut-reckendorfer.at\/wp\/wp-content\/uploads\/2024\/09\/230614_WeingutReckendorfer-1995-790x1024.jpg\" class=\"attachment-large size-large wp-image-869\" alt=\"\" srcset=\"https:\/\/weingut-reckendorfer.at\/wp\/wp-content\/uploads\/2024\/09\/230614_WeingutReckendorfer-1995-790x1024.jpg 790w, https:\/\/weingut-reckendorfer.at\/wp\/wp-content\/uploads\/2024\/09\/230614_WeingutReckendorfer-1995-1600x2073.jpg 1600w, https:\/\/weingut-reckendorfer.at\/wp\/wp-content\/uploads\/2024\/09\/230614_WeingutReckendorfer-1995-232x300.jpg 232w, https:\/\/weingut-reckendorfer.at\/wp\/wp-content\/uploads\/2024\/09\/230614_WeingutReckendorfer-1995-768x995.jpg 768w, https:\/\/weingut-reckendorfer.at\/wp\/wp-content\/uploads\/2024\/09\/230614_WeingutReckendorfer-1995-1186x1536.jpg 1186w, https:\/\/weingut-reckendorfer.at\/wp\/wp-content\/uploads\/2024\/09\/230614_WeingutReckendorfer-1995-1581x2048.jpg 1581w, https:\/\/weingut-reckendorfer.at\/wp\/wp-content\/uploads\/2024\/09\/230614_WeingutReckendorfer-1995.jpg 1801w\" sizes=\"(max-width: 790px) 100vw, 790px\" \/>\t\t\t\t\t\t\t\t\t\t\t\t\t\t\t<\/div>\n\t\t\t\t<\/div>\n\t\t\t\t<\/div>\n\t\t<div class=\"elementor-element elementor-element-80171fa e-con-full e-flex e-con e-child\" data-id=\"80171fa\" data-element_type=\"container\">\n\t\t\t\t<div class=\"elementor-element elementor-element-f354df4 elementor-widget elementor-widget-heading\" data-id=\"f354df4\" data-element_type=\"widget\" data-widget_type=\"heading.default\">\n\t\t\t\t<div class=\"elementor-widget-container\">\n\t\t\t\t\t<h2 class=\"elementor-heading-title elementor-size-default\">Matthias<\/h2>\t\t\t\t<\/div>\n\t\t\t\t<\/div>\n\t\t\t\t<div class=\"elementor-element elementor-element-a4bf995 elementor-widget elementor-widget-text-editor\" data-id=\"a4bf995\" data-element_type=\"widget\" data-widget_type=\"text-editor.default\">\n\t\t\t\t<div class=\"elementor-widget-container\">\n\t\t\t\t\t\t\t\t\t<p><strong>Favorite music<\/strong>: from Classic to Rock<br \/><strong>Favourite wine:<\/strong>Ried Reinthal Wei\u00dfburgunder con espressione<\/p><p>I am a passionate winemaker and musician. My focus: Pinot Blanc, Riesling and trumpet. I try to get the best out of all three. With virtuosity, sensitivity and love. Tradition, consistency, a mouldable future and experimentation are further prerequisites for me - for good music and good wine in equal measure.<span class=\"Apple-converted-space\">\u00a0<\/span><\/p><h5><strong>MY MILESTONES SO FAR<\/strong><\/h5><p><strong>2024:<\/strong> Organic certification + the entire new look: labels, bottles, website. We've got the look!<br \/><strong>2022:<\/strong> Participation in the mentoring programme of the Gerd Hoffmann Academy as part of the Vienna VieVinum wine fair.<span class=\"Apple-converted-space\">\u00a0<br \/><\/span><strong>2021:<\/strong> favourite FALSTAFF young winemaker in Lower Austria<\/p>\t\t\t\t\t\t\t\t<\/div>\n\t\t\t\t<\/div>\n\t\t\t\t<\/div>\n\t\t\t\t\t<\/div>\n\t\t\t\t<\/div>\n\t\t<div class=\"elementor-element elementor-element-333684f e-flex e-con-boxed e-con e-parent\" data-id=\"333684f\" data-element_type=\"container\" data-settings=\"{&quot;background_background&quot;:&quot;classic&quot;}\">\n\t\t\t\t\t<div class=\"e-con-inner\">\n\t\t<div class=\"elementor-element elementor-element-31ad44c e-con-full e-flex e-con e-child\" data-id=\"31ad44c\" data-element_type=\"container\">\n\t\t\t\t<div class=\"elementor-element elementor-element-4d1a05b elementor-widget elementor-widget-image\" data-id=\"4d1a05b\" data-element_type=\"widget\" data-widget_type=\"image.default\">\n\t\t\t\t<div class=\"elementor-widget-container\">\n\t\t\t\t\t\t\t\t\t\t\t\t\t\t\t<img decoding=\"async\" width=\"789\" height=\"1024\" src=\"https:\/\/weingut-reckendorfer.at\/wp\/wp-content\/uploads\/2024\/09\/georg_portrait-789x1024.jpg\" class=\"attachment-large size-large wp-image-874\" alt=\"\" srcset=\"https:\/\/weingut-reckendorfer.at\/wp\/wp-content\/uploads\/2024\/09\/georg_portrait-789x1024.jpg 789w, https:\/\/weingut-reckendorfer.at\/wp\/wp-content\/uploads\/2024\/09\/georg_portrait-1600x2078.jpg 1600w, https:\/\/weingut-reckendorfer.at\/wp\/wp-content\/uploads\/2024\/09\/georg_portrait-231x300.jpg 231w, https:\/\/weingut-reckendorfer.at\/wp\/wp-content\/uploads\/2024\/09\/georg_portrait-768x997.jpg 768w, https:\/\/weingut-reckendorfer.at\/wp\/wp-content\/uploads\/2024\/09\/georg_portrait-1183x1536.jpg 1183w, https:\/\/weingut-reckendorfer.at\/wp\/wp-content\/uploads\/2024\/09\/georg_portrait-1577x2048.jpg 1577w, https:\/\/weingut-reckendorfer.at\/wp\/wp-content\/uploads\/2024\/09\/georg_portrait.jpg 1809w\" sizes=\"(max-width: 789px) 100vw, 789px\" \/>\t\t\t\t\t\t\t\t\t\t\t\t\t\t\t<\/div>\n\t\t\t\t<\/div>\n\t\t\t\t<\/div>\n\t\t<div class=\"elementor-element elementor-element-c4ce587 e-con-full e-flex e-con e-child\" data-id=\"c4ce587\" data-element_type=\"container\">\n\t\t\t\t<div class=\"elementor-element elementor-element-76f3be2 elementor-widget elementor-widget-heading\" data-id=\"76f3be2\" data-element_type=\"widget\" data-widget_type=\"heading.default\">\n\t\t\t\t<div class=\"elementor-widget-container\">\n\t\t\t\t\t<h2 class=\"elementor-heading-title elementor-size-default\">Georg<\/h2>\t\t\t\t<\/div>\n\t\t\t\t<\/div>\n\t\t\t\t<div class=\"elementor-element elementor-element-1419a85 elementor-widget elementor-widget-text-editor\" data-id=\"1419a85\" data-element_type=\"widget\" data-widget_type=\"text-editor.default\">\n\t\t\t\t<div class=\"elementor-widget-container\">\n\t\t\t\t\t\t\t\t\t<p><strong>Favorite music<\/strong>: brass music \u2013 from Bohemia to Los Angeles<br \/><strong>Favourite wine:<\/strong>: Gr\u00fcner Veltliner andantino<\/p><p>This is my brother Georg. He studied computer science at the Vienna University of Technology and now works as an IT consultant. Georg is also the conductor of the local music band in Ollersdorf.<\/p><p>Despite everything, he still finds the time to get involved with the winery. Among other things, I have him to thank for this wonderful website.<\/p><p>So thank you again for your support, Georg! I am very proud of you.<\/p>\t\t\t\t\t\t\t\t<\/div>\n\t\t\t\t<\/div>\n\t\t\t\t<\/div>\n\t\t\t\t\t<\/div>\n\t\t\t\t<\/div>\n\t\t<div class=\"elementor-element elementor-element-226c05d e-flex e-con-boxed e-con e-parent\" data-id=\"226c05d\" data-element_type=\"container\" data-settings=\"{&quot;background_background&quot;:&quot;classic&quot;}\">\n\t\t\t\t\t<div class=\"e-con-inner\">\n\t\t<div class=\"elementor-element elementor-element-601b3ad e-con-full e-flex e-con e-child\" data-id=\"601b3ad\" data-element_type=\"container\">\n\t\t\t\t<div class=\"elementor-element elementor-element-65243f6 elementor-widget elementor-widget-image\" data-id=\"65243f6\" data-element_type=\"widget\" data-widget_type=\"image.default\">\n\t\t\t\t<div class=\"elementor-widget-container\">\n\t\t\t\t\t\t\t\t\t\t\t\t\t\t\t<img loading=\"lazy\" decoding=\"async\" width=\"446\" height=\"647\" src=\"https:\/\/weingut-reckendorfer.at\/wp\/wp-content\/uploads\/2024\/09\/gertraud_portrait.jpg\" class=\"attachment-large size-large wp-image-875\" alt=\"\" srcset=\"https:\/\/weingut-reckendorfer.at\/wp\/wp-content\/uploads\/2024\/09\/gertraud_portrait.jpg 446w, https:\/\/weingut-reckendorfer.at\/wp\/wp-content\/uploads\/2024\/09\/gertraud_portrait-400x580.jpg 400w, https:\/\/weingut-reckendorfer.at\/wp\/wp-content\/uploads\/2024\/09\/gertraud_portrait-207x300.jpg 207w\" sizes=\"(max-width: 446px) 100vw, 446px\" \/>\t\t\t\t\t\t\t\t\t\t\t\t\t\t\t<\/div>\n\t\t\t\t<\/div>\n\t\t\t\t<\/div>\n\t\t<div class=\"elementor-element elementor-element-194fd85 e-con-full e-flex e-con e-child\" data-id=\"194fd85\" data-element_type=\"container\">\n\t\t\t\t<div class=\"elementor-element elementor-element-b4002ff elementor-widget elementor-widget-heading\" data-id=\"b4002ff\" data-element_type=\"widget\" data-widget_type=\"heading.default\">\n\t\t\t\t<div class=\"elementor-widget-container\">\n\t\t\t\t\t<h2 class=\"elementor-heading-title elementor-size-default\">Gertraud<\/h2>\t\t\t\t<\/div>\n\t\t\t\t<\/div>\n\t\t\t\t<div class=\"elementor-element elementor-element-e446d13 elementor-widget elementor-widget-text-editor\" data-id=\"e446d13\" data-element_type=\"widget\" data-widget_type=\"text-editor.default\">\n\t\t\t\t<div class=\"elementor-widget-container\">\n\t\t\t\t\t\t\t\t\t<p><strong>Favorite music<\/strong>: panpipes music<br \/><strong>Favourite wine:<\/strong>: Muskateller brillante<\/p><p>Gertraud Reckendorfer, my mum. Her music plays in the garden and vineyard, where she feels at home. Together with my father, she has brought the winery up to scratch. In 1995, she gave up her job to devote herself fully to the business. The first accolades for our wines quickly followed, such as placements in the renowned #Salon\u00d6sterreichWein. I love working with her in the vineyard and chatting about everything.<\/p>\t\t\t\t\t\t\t\t<\/div>\n\t\t\t\t<\/div>\n\t\t\t\t<\/div>\n\t\t\t\t\t<\/div>\n\t\t\t\t<\/div>\n\t\t<div class=\"elementor-element elementor-element-63f1df2 e-flex e-con-boxed e-con e-parent\" data-id=\"63f1df2\" data-element_type=\"container\" data-settings=\"{&quot;background_background&quot;:&quot;classic&quot;}\">\n\t\t\t\t\t<div class=\"e-con-inner\">\n\t\t<div class=\"elementor-element elementor-element-7b8eb76 e-con-full e-flex e-con e-child\" data-id=\"7b8eb76\" data-element_type=\"container\">\n\t\t\t\t<div class=\"elementor-element elementor-element-c3b641a elementor-widget elementor-widget-image\" data-id=\"c3b641a\" data-element_type=\"widget\" data-widget_type=\"image.default\">\n\t\t\t\t<div class=\"elementor-widget-container\">\n\t\t\t\t\t\t\t\t\t\t\t\t\t\t\t<img loading=\"lazy\" decoding=\"async\" width=\"450\" height=\"655\" src=\"https:\/\/weingut-reckendorfer.at\/wp\/wp-content\/uploads\/2024\/09\/karl_portrait.jpg\" class=\"attachment-large size-large wp-image-876\" alt=\"\" srcset=\"https:\/\/weingut-reckendorfer.at\/wp\/wp-content\/uploads\/2024\/09\/karl_portrait.jpg 450w, https:\/\/weingut-reckendorfer.at\/wp\/wp-content\/uploads\/2024\/09\/karl_portrait-400x582.jpg 400w, https:\/\/weingut-reckendorfer.at\/wp\/wp-content\/uploads\/2024\/09\/karl_portrait-206x300.jpg 206w\" sizes=\"(max-width: 450px) 100vw, 450px\" \/>\t\t\t\t\t\t\t\t\t\t\t\t\t\t\t<\/div>\n\t\t\t\t<\/div>\n\t\t\t\t<\/div>\n\t\t<div class=\"elementor-element elementor-element-122d466 e-con-full e-flex e-con e-child\" data-id=\"122d466\" data-element_type=\"container\">\n\t\t\t\t<div class=\"elementor-element elementor-element-ef63879 elementor-widget elementor-widget-heading\" data-id=\"ef63879\" data-element_type=\"widget\" data-widget_type=\"heading.default\">\n\t\t\t\t<div class=\"elementor-widget-container\">\n\t\t\t\t\t<h2 class=\"elementor-heading-title elementor-size-default\">Karl<\/h2>\t\t\t\t<\/div>\n\t\t\t\t<\/div>\n\t\t\t\t<div class=\"elementor-element elementor-element-61e21ce elementor-widget elementor-widget-text-editor\" data-id=\"61e21ce\" data-element_type=\"widget\" data-widget_type=\"text-editor.default\">\n\t\t\t\t<div class=\"elementor-widget-container\">\n\t\t\t\t\t\t\t\t\t<p><strong>Favorite music<\/strong>: Viennese classic<br \/><strong>Favourite wine:<\/strong>: Riesling delicato<\/p><p>This is my father Karl Reckendorfer. He and my mother Gertraud took over the winery in 1994 with just three hectares of vines as a mixed business. The professional musician first learnt viticulture at night school in the third cycle of education. He then converted the mixed operation into a part-time winery. From then on, the grapes were no longer sold, but made into wine at home.<\/p><p>In 2008, the parents built our wine cellar, which allows for modern production. They bought vineyards and planted new ones. In 2014, a stylised soundtrack was added to our labels for the first time, symbolising our family's love of music. With all this, my parents laid the foundation for today's winery.<\/p>\t\t\t\t\t\t\t\t<\/div>\n\t\t\t\t<\/div>\n\t\t\t\t<\/div>\n\t\t\t\t\t<\/div>\n\t\t\t\t<\/div>\n\t\t<div class=\"elementor-element elementor-element-e3c8367 e-con-full e-flex e-con e-parent\" data-id=\"e3c8367\" data-element_type=\"container\">\n\t\t\t\t<div class=\"elementor-element elementor-element-b2bc708 elementor-widget elementor-widget-image\" data-id=\"b2bc708\" data-element_type=\"widget\" data-widget_type=\"image.default\">\n\t\t\t\t<div class=\"elementor-widget-container\">\n\t\t\t\t\t\t\t\t\t\t\t\t\t\t\t<img loading=\"lazy\" decoding=\"async\" width=\"1440\" height=\"1468\" src=\"https:\/\/weingut-reckendorfer.at\/wp\/wp-content\/uploads\/2024\/10\/familie_footer.jpg\" class=\"attachment-full size-full wp-image-1234\" alt=\"\" srcset=\"https:\/\/weingut-reckendorfer.at\/wp\/wp-content\/uploads\/2024\/10\/familie_footer.jpg 1440w, https:\/\/weingut-reckendorfer.at\/wp\/wp-content\/uploads\/2024\/10\/familie_footer-294x300.jpg 294w, https:\/\/weingut-reckendorfer.at\/wp\/wp-content\/uploads\/2024\/10\/familie_footer-1004x1024.jpg 1004w, https:\/\/weingut-reckendorfer.at\/wp\/wp-content\/uploads\/2024\/10\/familie_footer-768x783.jpg 768w, https:\/\/weingut-reckendorfer.at\/wp\/wp-content\/uploads\/2024\/10\/familie_footer-12x12.jpg 12w\" sizes=\"(max-width: 1440px) 100vw, 1440px\" \/>\t\t\t\t\t\t\t\t\t\t\t\t\t\t\t<\/div>\n\t\t\t\t<\/div>\n\t\t\t\t<\/div>\n\t\t\t\t<\/div>","protected":false},"excerpt":{"rendered":"<p>FAMILIEThe Reck Pack! Meine Eltern, Georg und ich. Ohne meine Familie und ihre Unterst\u00fctzung k\u00f6nnte ich meinen Weg nicht so beschwingt gehen. Darauf sto\u00dfe ich immer wieder gerne mit ihnen an. Dass wir gemeinsam viel musizieren, versteht sich von selbst. Wir machen ja WEINE MIT KLANG! Matthias Lieblingsmusik: von Klassik bis RockLieblingswein: Ried Reinthal Wei\u00dfburgunder [&hellip;]<\/p>","protected":false},"author":1,"featured_media":0,"parent":0,"menu_order":0,"comment_status":"closed","ping_status":"closed","template":"","meta":{"site-sidebar-layout":"no-sidebar","site-content-layout":"","ast-site-content-layout":"full-width-container","site-content-style":"default","site-sidebar-style":"default","ast-global-header-display":"","ast-banner-title-visibility":"","ast-main-header-display":"","ast-hfb-above-header-display":"","ast-hfb-below-header-display":"","ast-hfb-mobile-header-display":"","site-post-title":"disabled","ast-breadcrumbs-content":"","ast-featured-img":"disabled","footer-sml-layout":"","theme-transparent-header-meta":"","adv-header-id-meta":"","stick-header-meta":"","header-above-stick-meta":"","header-main-stick-meta":"","header-below-stick-meta":"","astra-migrate-meta-layouts":"default","ast-page-background-enabled":"default","ast-page-background-meta":{"desktop":{"background-color":"var(--ast-global-color-4)","background-image":"","background-repeat":"repeat","background-position":"center center","background-size":"auto","background-attachment":"scroll","background-type":"","background-media":"","overlay-type":"","overlay-color":"","overlay-opacity":"","overlay-gradient":""},"tablet":{"background-color":"","background-image":"","background-repeat":"repeat","background-position":"center center","background-size":"auto","background-attachment":"scroll","background-type":"","background-media":"","overlay-type":"","overlay-color":"","overlay-opacity":"","overlay-gradient":""},"mobile":{"background-color":"","background-image":"","background-repeat":"repeat","background-position":"center center","background-size":"auto","background-attachment":"scroll","background-type":"","background-media":"","overlay-type":"","overlay-color":"","overlay-opacity":"","overlay-gradient":""}},"ast-content-background-meta":{"desktop":{"background-color":"var(--ast-global-color-5)","background-image":"","background-repeat":"repeat","background-position":"center center","background-size":"auto","background-attachment":"scroll","background-type":"","background-media":"","overlay-type":"","overlay-color":"","overlay-opacity":"","overlay-gradient":""},"tablet":{"background-color":"var(--ast-global-color-5)","background-image":"","background-repeat":"repeat","background-position":"center center","background-size":"auto","background-attachment":"scroll","background-type":"","background-media":"","overlay-type":"","overlay-color":"","overlay-opacity":"","overlay-gradient":""},"mobile":{"background-color":"var(--ast-global-color-5)","background-image":"","background-repeat":"repeat","background-position":"center center","background-size":"auto","background-attachment":"scroll","background-type":"","background-media":"","overlay-type":"","overlay-color":"","overlay-opacity":"","overlay-gradient":""}},"footnotes":""},"class_list":["post-379","page","type-page","status-publish","hentry"],"_links":{"self":[{"href":"https:\/\/weingut-reckendorfer.at\/wp\/en\/wp-json\/wp\/v2\/pages\/379","targetHints":{"allow":["GET"]}}],"collection":[{"href":"https:\/\/weingut-reckendorfer.at\/wp\/en\/wp-json\/wp\/v2\/pages"}],"about":[{"href":"https:\/\/weingut-reckendorfer.at\/wp\/en\/wp-json\/wp\/v2\/types\/page"}],"author":[{"embeddable":true,"href":"https:\/\/weingut-reckendorfer.at\/wp\/en\/wp-json\/wp\/v2\/users\/1"}],"replies":[{"embeddable":true,"href":"https:\/\/weingut-reckendorfer.at\/wp\/en\/wp-json\/wp\/v2\/comments?post=379"}],"version-history":[{"count":49,"href":"https:\/\/weingut-reckendorfer.at\/wp\/en\/wp-json\/wp\/v2\/pages\/379\/revisions"}],"predecessor-version":[{"id":1823,"href":"https:\/\/weingut-reckendorfer.at\/wp\/en\/wp-json\/wp\/v2\/pages\/379\/revisions\/1823"}],"wp:attachment":[{"href":"https:\/\/weingut-reckendorfer.at\/wp\/en\/wp-json\/wp\/v2\/media?parent=379"}],"curies":[{"name":"wp","href":"https:\/\/api.w.org\/{rel}","templated":true}]}}