{"id":2140,"date":"2026-02-12T17:36:40","date_gmt":"2026-02-12T16:36:40","guid":{"rendered":"https:\/\/weingut-reckendorfer.at\/wp\/?page_id=2140"},"modified":"2026-03-27T09:08:35","modified_gmt":"2026-03-27T08:08:35","slug":"wk2025_gv-andantino","status":"publish","type":"page","link":"https:\/\/weingut-reckendorfer.at\/wp\/en\/wk2025_gv-andantino\/","title":{"rendered":"wk2025_gv-andantino"},"content":{"rendered":"<div style=\"height:100px\" aria-hidden=\"true\" class=\"wp-block-spacer\"><\/div><div style=\"height:100px\" aria-hidden=\"true\" class=\"wp-block-spacer\"><\/div><figure class=\"wp-block-image aligncenter size-full\"><img decoding=\"async\" width=\"307\" height=\"37\" src=\"https:\/\/weingut-reckendorfer.at\/wp\/wp-content\/uploads\/2024\/01\/logo-ohne-rahmen-transparent.png\" alt=\"\" class=\"wp-image-151\" srcset=\"https:\/\/weingut-reckendorfer.at\/wp\/wp-content\/uploads\/2024\/01\/logo-ohne-rahmen-transparent.png 307w, https:\/\/weingut-reckendorfer.at\/wp\/wp-content\/uploads\/2024\/01\/logo-ohne-rahmen-transparent-300x36.png 300w, https:\/\/weingut-reckendorfer.at\/wp\/wp-content\/uploads\/2024\/01\/logo-ohne-rahmen-transparent-18x2.png 18w\" sizes=\"(max-width: 307px) 100vw, 307px\" \/><\/figure><h2 class=\"wp-block-heading has-text-align-center\">Weinkennzeichnungen Jahrgang 2025<\/h2><hr class=\"wp-block-separator has-alpha-channel-opacity\"\/><h2 class=\"wp-block-heading\">Gr\u00fcner Veltliner andantino 2025 BIO<\/h2><p>750ml, 12,0% vol<\/p><figure class=\"wp-block-table\"><table class=\"has-fixed-layout\"><tbody><tr><td>Nutritional values<\/td><td>per 100ml<\/td><\/tr><tr><td>Calorific value<\/td><td>288 kJ \/ 69 kcal<\/td><\/tr><tr><td>Carbohydrates<\/td><td>1,25g<\/td><\/tr><tr><td>thereof sugar<\/td><td>0,45g<\/td><\/tr><tr><td>Contains small amounts of: Fat, saturated fatty acids, protein and salt.<\/td><td><\/td><\/tr><\/tbody><\/table><\/figure><p><strong>Zutaten:<\/strong><br>BIO-Trauben, S\u00e4ureregulatoren; Weins\u00e4ure (L[+]-); Kohlendioxid; Antioxidantien: <strong>Sulfite<\/strong>, L-Ascorbins\u00e4ure; unter Schutzatmosph\u00e4re abgef\u00fcllt<\/p><p><\/p><p><\/p>","protected":false},"excerpt":{"rendered":"<p>Weinkennzeichnungen Jahrgang 2025 Gr\u00fcner Veltliner andantino 2025 BIO 750ml, 12,0% vol N\u00e4hrwerte je 100ml Brennwert 288 kJ \/ 69 kcal Kohlenhydrate 1,25g davon Zucker 0,45g Enth\u00e4lt geringf\u00fcgige Mengen von: Fett, ges\u00e4ttigte Fetts\u00e4uren, Eiwei\u00df und Salz. Zutaten:BIO-Trauben, S\u00e4ureregulatoren; Weins\u00e4ure (L[+]-); Kohlendioxid; Antioxidantien: Sulfite, L-Ascorbins\u00e4ure; unter Schutzatmosph\u00e4re abgef\u00fcllt<\/p>","protected":false},"author":1,"featured_media":0,"parent":0,"menu_order":0,"comment_status":"closed","ping_status":"closed","template":"","meta":{"site-sidebar-layout":"default","site-content-layout":"","ast-site-content-layout":"","site-content-style":"default","site-sidebar-style":"default","ast-global-header-display":"disabled","ast-banner-title-visibility":"","ast-main-header-display":"","ast-hfb-above-header-display":"","ast-hfb-below-header-display":"","ast-hfb-mobile-header-display":"","site-post-title":"","ast-breadcrumbs-content":"","ast-featured-img":"","footer-sml-layout":"disabled","theme-transparent-header-meta":"","adv-header-id-meta":"","stick-header-meta":"","header-above-stick-meta":"","header-main-stick-meta":"","header-below-stick-meta":"","astra-migrate-meta-layouts":"default","ast-page-background-enabled":"default","ast-page-background-meta":{"desktop":{"background-color":"var(--ast-global-color-4)","background-image":"","background-repeat":"repeat","background-position":"center center","background-size":"auto","background-attachment":"scroll","background-type":"","background-media":"","overlay-type":"","overlay-color":"","overlay-opacity":"","overlay-gradient":""},"tablet":{"background-color":"","background-image":"","background-repeat":"repeat","background-position":"center center","background-size":"auto","background-attachment":"scroll","background-type":"","background-media":"","overlay-type":"","overlay-color":"","overlay-opacity":"","overlay-gradient":""},"mobile":{"background-color":"","background-image":"","background-repeat":"repeat","background-position":"center center","background-size":"auto","background-attachment":"scroll","background-type":"","background-media":"","overlay-type":"","overlay-color":"","overlay-opacity":"","overlay-gradient":""}},"ast-content-background-meta":{"desktop":{"background-color":"var(--ast-global-color-5)","background-image":"","background-repeat":"repeat","background-position":"center center","background-size":"auto","background-attachment":"scroll","background-type":"","background-media":"","overlay-type":"","overlay-color":"","overlay-opacity":"","overlay-gradient":""},"tablet":{"background-color":"var(--ast-global-color-5)","background-image":"","background-repeat":"repeat","background-position":"center center","background-size":"auto","background-attachment":"scroll","background-type":"","background-media":"","overlay-type":"","overlay-color":"","overlay-opacity":"","overlay-gradient":""},"mobile":{"background-color":"var(--ast-global-color-5)","background-image":"","background-repeat":"repeat","background-position":"center center","background-size":"auto","background-attachment":"scroll","background-type":"","background-media":"","overlay-type":"","overlay-color":"","overlay-opacity":"","overlay-gradient":""}},"footnotes":""},"class_list":["post-2140","page","type-page","status-publish","hentry"],"_links":{"self":[{"href":"https:\/\/weingut-reckendorfer.at\/wp\/en\/wp-json\/wp\/v2\/pages\/2140","targetHints":{"allow":["GET"]}}],"collection":[{"href":"https:\/\/weingut-reckendorfer.at\/wp\/en\/wp-json\/wp\/v2\/pages"}],"about":[{"href":"https:\/\/weingut-reckendorfer.at\/wp\/en\/wp-json\/wp\/v2\/types\/page"}],"author":[{"embeddable":true,"href":"https:\/\/weingut-reckendorfer.at\/wp\/en\/wp-json\/wp\/v2\/users\/1"}],"replies":[{"embeddable":true,"href":"https:\/\/weingut-reckendorfer.at\/wp\/en\/wp-json\/wp\/v2\/comments?post=2140"}],"version-history":[{"count":4,"href":"https:\/\/weingut-reckendorfer.at\/wp\/en\/wp-json\/wp\/v2\/pages\/2140\/revisions"}],"predecessor-version":[{"id":2213,"href":"https:\/\/weingut-reckendorfer.at\/wp\/en\/wp-json\/wp\/v2\/pages\/2140\/revisions\/2213"}],"wp:attachment":[{"href":"https:\/\/weingut-reckendorfer.at\/wp\/en\/wp-json\/wp\/v2\/media?parent=2140"}],"curies":[{"name":"wp","href":"https:\/\/api.w.org\/{rel}","templated":true}]}}